{"id":1664,"date":"2025-01-30T08:22:22","date_gmt":"2025-01-30T07:22:22","guid":{"rendered":"https:\/\/paolavidasana.com\/politica-sulla-riservatezza\/"},"modified":"2025-04-02T14:10:10","modified_gmt":"2025-04-02T12:10:10","slug":"politica-sulla-riservatezza","status":"publish","type":"page","link":"https:\/\/paolavidasana.com\/it\/politica-sulla-riservatezza\/","title":{"rendered":"Politica sulla privacy"},"content":{"rendered":"\t\t<div data-elementor-type=\"wp-page\" data-elementor-id=\"1664\" class=\"elementor elementor-1664 elementor-432\" data-elementor-post-type=\"page\">\n\t\t\t\t<div class=\"elementor-element elementor-element-4c746f1 e-flex e-con-boxed e-con e-parent\" data-id=\"4c746f1\" data-element_type=\"container\" data-e-type=\"container\">\n\t\t\t\t\t<div class=\"e-con-inner\">\n\t\t<div class=\"elementor-element elementor-element-7a182a7 e-con-full e-flex e-con e-child\" data-id=\"7a182a7\" data-element_type=\"container\" data-e-type=\"container\">\n\t\t\t\t<div class=\"elementor-element elementor-element-fd95b19 animated-fast elementor-invisible elementor-widget elementor-widget-heading\" data-id=\"fd95b19\" data-element_type=\"widget\" data-e-type=\"widget\" data-settings=\"{&quot;_animation&quot;:&quot;bounceInDown&quot;,&quot;_animation_mobile&quot;:&quot;none&quot;}\" data-widget_type=\"heading.default\">\n\t\t\t\t<div class=\"elementor-widget-container\">\n\t\t\t\t\t<h1 class=\"elementor-heading-title elementor-size-default\">Politica sulla privacy<\/h1>\t\t\t\t<\/div>\n\t\t\t\t<\/div>\n\t\t\t\t<\/div>\n\t\t<div class=\"elementor-element elementor-element-76c8efe e-con-full e-flex e-con e-child\" data-id=\"76c8efe\" data-element_type=\"container\" data-e-type=\"container\">\n\t\t\t\t<div class=\"elementor-element elementor-element-4d7f6f8 elementor-invisible elementor-widget elementor-widget-shortcode\" data-id=\"4d7f6f8\" data-element_type=\"widget\" data-e-type=\"widget\" data-settings=\"{&quot;_animation&quot;:&quot;fadeInUp&quot;,&quot;_animation_mobile&quot;:&quot;none&quot;}\" data-widget_type=\"shortcode.default\">\n\t\t\t\t<div class=\"elementor-widget-container\">\n\t\t\t\t\t\t\t<div class=\"elementor-shortcode\"><nav aria-label=\"breadcrumbs\" class=\"rank-math-breadcrumb\"><p><span class=\"last\">Home<\/span><\/p><\/nav><\/div>\n\t\t\t\t\t\t<\/div>\n\t\t\t\t<\/div>\n\t\t\t\t<\/div>\n\t\t\t\t\t<\/div>\n\t\t\t\t<\/div>\n\t\t<div class=\"elementor-element elementor-element-b113928 e-flex e-con-boxed e-con e-parent\" data-id=\"b113928\" data-element_type=\"container\" data-e-type=\"container\">\n\t\t\t\t\t<div class=\"e-con-inner\">\n\t\t\t\t<div class=\"elementor-element elementor-element-e1a3a26 elementor-widget elementor-widget-text-editor\" data-id=\"e1a3a26\" data-element_type=\"widget\" data-e-type=\"widget\" data-widget_type=\"text-editor.default\">\n\t\t\t\t<div class=\"elementor-widget-container\">\n\t\t\t\t\t\t\t\t\t<p><span style=\"font-weight: 400;\">Su <\/span><b>paolavid\u0101sana.com<\/b><span style=\"font-weight: 400;\">, la privacy dei nostri utenti \u00e8 della massima importanza. La presente Informativa sulla privacy descrive come raccogliamo, utilizziamo, archiviamo e proteggiamo i dati personali degli utenti che visitano il nostro sito Web, in conformit\u00e0 con il Regolamento (UE) 2016\/679 del Parlamento Europeo e del Consiglio, relativo alla protezione delle persone fisiche con riguardo al trattamento dei dati personali (Regolamento generale sulla protezione dei dati &#8211; RGPD).<\/span><\/p>\n<p><span style=\"font-weight: 400;\">Il responsabile del trattamento dei dati personali \u00e8 <\/span><b>Paola Idini<\/b><span style=\"font-weight: 400;\"> con indirizzo in <\/span><b>C\/Verdaguer i Call\u00eds 14, 08003 Barcellona,<\/b><span style=\"font-weight: 400;\"> e email di contatto <\/span><b>info.paolavidasana@gmail.com<\/b><span style=\"font-weight: 400;\">.<\/span><\/p>\n<h2><b>1. Dati personali che raccogliamo<\/b><\/h2>\n<p><span style=\"font-weight: 400;\">Raccogliamo i seguenti tipi di dati personali quando interagisci con il nostro sito Web:<\/span><\/p>\n<ul>\n<li style=\"font-weight: 400;\" aria-level=\"1\"><b>Informazioni di contatto:<\/b><span style=\"font-weight: 400;\"> Nome, email, telefono (quando compili moduli o ci contatti).<\/span><\/li>\n<li style=\"font-weight: 400;\" aria-level=\"1\"><b>Dati di navigazione:<\/b><span style=\"font-weight: 400;\"> Informazioni su come interagisci con il nostro sito Web, come indirizzo IP, tipo di dispositivo, sistema operativo, pagine visitate, tempo trascorso, ecc. Questi vengono raccolti tramite cookie e altre tecnologie simili.<\/span><\/li>\n<\/ul>\n<p><b>Dati di abbonamento:<\/b><span style=\"font-weight: 400;\"> Quando ti iscrivi alla nostra newsletter o ti registri per ricevere informazioni sui nostri servizi.<\/span><\/p>\n<h3><b>2. Finalit\u00e0 del trattamento dei dati<\/b><\/h3>\n<p><span style=\"font-weight: 400;\">I dati personali che raccogliamo vengono utilizzati per i seguenti scopi:<\/span><\/p>\n<ul>\n<li style=\"font-weight: 400;\" aria-level=\"1\"><span style=\"font-weight: 400;\">Gestisci il rapporto con gli utenti, inclusi i servizi di yoga, ayurveda e consulenza sull&#8217;acqua che offriamo.<\/span><\/li>\n<li style=\"font-weight: 400;\" aria-level=\"1\"><span style=\"font-weight: 400;\">Rispondi alle tue domande, dubbi o commenti.<\/span><\/li>\n<li style=\"font-weight: 400;\" aria-level=\"1\"><span style=\"font-weight: 400;\">Invia comunicazioni relative ai nostri servizi, promozioni o novit\u00e0, se hai dato il tuo consenso.<\/span><\/li>\n<li style=\"font-weight: 400;\" aria-level=\"1\"><span style=\"font-weight: 400;\">Migliorare l&#8217;esperienza dell&#8217;utente sul web ed eseguire analisi statistiche sull&#8217;utilizzo dei nostri servizi.<\/span><\/li>\n<\/ul>\n<p><\/p>\n<h3><b>3. Base giuridica per il trattamento dei dati<\/b><\/h3>\n<p><span style=\"font-weight: 400;\">In conformit\u00e0 con il GDPR, i dati personali saranno trattati in conformit\u00e0 con le seguenti basi giuridiche:<\/span><\/p>\n<ul>\n<li style=\"font-weight: 400;\" aria-level=\"1\"><b>Consenso (art. 6.1.a GDPR):<\/b><span style=\"font-weight: 400;\"> Quando ci fornisci i tuoi dati personali tramite moduli di contatto, iscrizioni o simili e ci autorizzi al trattamento per le specifiche finalit\u00e0 che ti abbiamo indicato.<\/span><\/li>\n<li style=\"font-weight: 400;\" aria-level=\"1\"><b>Esecuzione di un contratto (art. 6.1.b GDPR):<\/b><span style=\"font-weight: 400;\"> Quando \u00e8 necessario per la fornitura dei servizi richiesti, come yoga o consulenze di consulenza.<\/span><\/li>\n<\/ul>\n<p><b>Interesse legittimo (art. 6.1.f RGPD):<\/b><span style=\"font-weight: 400;\"> Migliorare i nostri servizi e adattare il sito web alle tue esigenze, a condizione che i tuoi diritti e le tue libert\u00e0 fondamentali non prevalgano.<\/span><\/p>\n<h3><b>4. Destinatari dei dati personali<\/b><\/h3>\n<p><span style=\"font-weight: 400;\">I dati personali che raccogliamo non saranno condivisi con terze parti, tranne nei seguenti casi:<\/span><\/p>\n<ul>\n<li style=\"font-weight: 400;\" aria-level=\"1\"><span style=\"font-weight: 400;\">Con fornitori di servizi che ci aiutano a gestire le nostre attivit\u00e0, come fornitori di servizi di hosting, email marketing, ecc., purch\u00e9 rispettino le normative sulla protezione dei dati e garantiscano un livello di protezione adeguato.<\/span><\/li>\n<li style=\"font-weight: 400;\" aria-level=\"1\"><span style=\"font-weight: 400;\">Quando necessario per ottemperare a un obbligo legale o per proteggere i tuoi interessi o i nostri.<\/span><\/li>\n<\/ul>\n<p><\/p>\n<h3><b>5. Trasferimenti internazionali di dati<\/b><\/h3>\n<p><span style=\"font-weight: 400;\">Nel caso in cui i trasferimenti internazionali dei tuoi dati personali vengano effettuati al di fuori dello Spazio Economico Europeo (SEE), garantiamo che tali trasferimenti saranno effettuati con garanzie adeguate, come l&#8217;uso di clausole contrattuali standard approvate dalla Commissione Europea.<\/span><\/p>\n<h3><b>6. Conservazione dei dati<\/b><\/h3>\n<p><span style=\"font-weight: 400;\">I dati personali saranno conservati per il tempo necessario a conseguire gli scopi per i quali sono stati raccolti e secondo quanto previsto dalla normativa applicabile. Ci\u00f2 significa che, ad esempio, i dati personali saranno conservati finch\u00e9 continuerai a essere utente dei nostri servizi o finch\u00e9 non ritirerai il tuo consenso, se il trattamento si basa su di esso.<\/span><\/p>\n<h3><b>7. Diritti dell&#8217;utente<\/b><\/h3>\n<p><span style=\"font-weight: 400;\">In conformit\u00e0 con il GDPR, hai i seguenti diritti sui tuoi dati personali:<\/span><\/p>\n<ul>\n<li style=\"font-weight: 400;\" aria-level=\"1\"><b>Accesso:<\/b><span style=\"font-weight: 400;\"> Hai il diritto di ottenere conferma se stiamo trattando i tuoi dati personali e di accedervi.<\/span><\/li>\n<li style=\"font-weight: 400;\" aria-level=\"1\"><b>Rettifica:<\/b><span style=\"font-weight: 400;\"> Hai il diritto di richiedere la correzione di dati personali inesatti o incompleti.<\/span><\/li>\n<li style=\"font-weight: 400;\" aria-level=\"1\"><b>Cancellazione:<\/b><span style=\"font-weight: 400;\"> Hai il diritto di richiedere la cancellazione dei tuoi dati personali quando non sono pi\u00f9 necessari per gli scopi per i quali sono stati raccolti.<\/span><\/li>\n<li style=\"font-weight: 400;\" aria-level=\"1\"><b>Opposizione:<\/b><span style=\"font-weight: 400;\"> Hai il diritto di opporti al trattamento dei tuoi dati in determinate circostanze, ad esempio quando il trattamento si basa su un interesse legittimo.<\/span><\/li>\n<li style=\"font-weight: 400;\" aria-level=\"1\"><b>Limitazione:<\/b><span style=\"font-weight: 400;\"> Hai il diritto di richiedere che il trattamento dei tuoi dati personali sia limitato in determinate circostanze.<\/span><\/li>\n<li style=\"font-weight: 400;\" aria-level=\"1\"><b>Portabilit\u00e0:<\/b><span style=\"font-weight: 400;\"> Hai il diritto di richiedere che i tuoi dati personali siano trasmessi a un altro titolare del trattamento in un formato strutturato e di uso comune.<\/span><\/li>\n<li style=\"font-weight: 400;\" aria-level=\"1\"><b>Revocare il consenso:<\/b><span style=\"font-weight: 400;\"> Nei casi in cui il trattamento dei tuoi dati \u00e8 basato sul tuo consenso, puoi revocare tale consenso in qualsiasi momento, senza pregiudicare la liceit\u00e0 del trattamento basata sul consenso prima della revoca.<\/span><\/li>\n<\/ul>\n<p><span style=\"font-weight: 400;\">Puoi esercitare questi diritti inviando un&#8217;e-mail a <\/span><a href=\"mailto:info.paolavidasana@gmail.com\"><b>info.paolavidasana@gmail.com<\/b><\/a><span style=\"font-weight: 400;\">.<\/span><br \/><span style=\"font-weight: 400;\">Se ritieni che i tuoi diritti non siano rispettati, hai il diritto di presentare un reclamo all&#8217;<\/span><b>Agenzia spagnola per la protezione dei dati<\/b><span style=\"font-weight: 400;\"> o all&#8217;autorit\u00e0 competente per la protezione dei dati nel tuo paese.<\/span><\/p>\n<h3><b>8. Sicurezza dei dati<\/b><\/h3>\n<p><span style=\"font-weight: 400;\">Adottiamo misure di sicurezza tecniche e organizzative adeguate per proteggere i tuoi dati personali da distruzione accidentale, perdita, alterazione, accesso o divulgazione non autorizzati. Tuttavia, nessun sistema di trasmissione dei dati su Internet o di archiviazione elettronica \u00e8 completamente sicuro. Sebbene ci impegniamo a proteggere i tuoi dati personali, non possiamo garantirne l&#8217;assoluta sicurezza.<\/span><\/p>\n<h3><b>9. Cookie<\/b><\/h3>\n<p><span style=\"font-weight: 400;\">Questo sito web utilizza i cookie per migliorare l&#8217;esperienza dell&#8217;utente ed eseguire analisi sull&#8217;utilizzo dei nostri servizi. I cookie sono piccoli file di testo che vengono memorizzati sul tuo dispositivo e ci consentono di ricordare informazioni come le tue preferenze. Puoi gestire e controllare i cookie dal tuo browser, nonch\u00e9 ottenere maggiori informazioni nella nostra <\/span><b>Politica sui cookie<\/b><span style=\"font-weight: 400;\">.<\/span><\/p>\n<h3><b>10. Modifiche a questa politica<\/b><\/h3>\n<p><span style=\"font-weight: 400;\">Ci riserviamo il diritto di modificare la presente Informativa sulla privacy in qualsiasi momento. Eventuali modifiche verranno pubblicate in questa pagina con la data dell&#8217;ultimo aggiornamento. Ti invitiamo a rivedere periodicamente questa politica per essere informato su come proteggiamo le tue informazioni.<\/span><\/p>\n<h3><b>11. Contatto<\/b><\/h3>\n<p><span style=\"font-weight: 400;\">Se hai domande o dubbi sulla nostra Informativa sulla privacy o sul trattamento dei tuoi dati personali, puoi contattarci tramite:<\/span><\/p>\n<ul>\n<li style=\"font-weight: 400;\" aria-level=\"1\"><span style=\"font-weight: 400;\">E-mail: <\/span><a href=\"mailto:info.paolavidasana@gmail.com\"><b>info.paolavidasana@gmail.com<\/b><\/a><span style=\"font-weight: 400;\">.<\/span><\/li>\n<\/ul>\n<p><span style=\"font-weight: 400;\">Indirizzo: <\/span><b>C\/Verdaguer i Call\u00eds 14, 4-2, 08003, Barcellona, \u200b\u200b\u200b\u200bSpagna.<\/b><\/p>\n\t\t\t\t\t\t\t\t<\/div>\n\t\t\t\t<\/div>\n\t\t\t\t\t<\/div>\n\t\t\t\t<\/div>\n\t\t<div class=\"elementor-element elementor-element-75c2d5b e-flex e-con-boxed e-con e-parent\" data-id=\"75c2d5b\" data-element_type=\"container\" data-e-type=\"container\">\n\t\t\t\t\t<div class=\"e-con-inner\">\n\t\t\t\t<div class=\"elementor-element elementor-element-c4f69bf elementor-widget elementor-widget-spacer\" data-id=\"c4f69bf\" data-element_type=\"widget\" data-e-type=\"widget\" data-widget_type=\"spacer.default\">\n\t\t\t\t<div class=\"elementor-widget-container\">\n\t\t\t\t\t\t\t<div class=\"elementor-spacer\">\n\t\t\t<div class=\"elementor-spacer-inner\"><\/div>\n\t\t<\/div>\n\t\t\t\t\t\t<\/div>\n\t\t\t\t<\/div>\n\t\t\t\t\t<\/div>\n\t\t\t\t<\/div>\n\t\t\t\t<\/div>\n\t\t","protected":false},"excerpt":{"rendered":"<p>Su paolavid\u0101sana.com, la privacy dei nostri utenti \u00e8 della massima importanza. La presente Informativa sulla privacy descrive come raccogliamo, utilizziamo, archiviamo e proteggiamo i dati personali degli utenti che visitano il nostro sito Web, in conformit\u00e0 con il Regolamento (UE) 2016\/679 del Parlamento Europeo e del Consiglio, relativo alla protezione delle persone fisiche con riguardo [&hellip;]<\/p>\n","protected":false},"author":2,"featured_media":0,"parent":0,"menu_order":0,"comment_status":"closed","ping_status":"closed","template":"page-templates\/pagebuilder.php","meta":{"zakra_page_container_layout":"customizer","zakra_page_sidebar_layout":"customizer","zakra_remove_content_margin":false,"zakra_sidebar":"customizer","zakra_transparent_header":"customizer","zakra_logo":0,"zakra_main_header_style":"default","zakra_menu_item_color":"","zakra_menu_item_hover_color":"","zakra_menu_item_active_color":"","zakra_menu_active_style":"","zakra_page_header":true,"inline_featured_image":false,"footnotes":""},"class_list":["post-1664","page","type-page","status-publish","hentry"],"_links":{"self":[{"href":"https:\/\/paolavidasana.com\/it\/wp-json\/wp\/v2\/pages\/1664","targetHints":{"allow":["GET"]}}],"collection":[{"href":"https:\/\/paolavidasana.com\/it\/wp-json\/wp\/v2\/pages"}],"about":[{"href":"https:\/\/paolavidasana.com\/it\/wp-json\/wp\/v2\/types\/page"}],"author":[{"embeddable":true,"href":"https:\/\/paolavidasana.com\/it\/wp-json\/wp\/v2\/users\/2"}],"replies":[{"embeddable":true,"href":"https:\/\/paolavidasana.com\/it\/wp-json\/wp\/v2\/comments?post=1664"}],"version-history":[{"count":4,"href":"https:\/\/paolavidasana.com\/it\/wp-json\/wp\/v2\/pages\/1664\/revisions"}],"predecessor-version":[{"id":2798,"href":"https:\/\/paolavidasana.com\/it\/wp-json\/wp\/v2\/pages\/1664\/revisions\/2798"}],"wp:attachment":[{"href":"https:\/\/paolavidasana.com\/it\/wp-json\/wp\/v2\/media?parent=1664"}],"curies":[{"name":"wp","href":"https:\/\/api.w.org\/{rel}","templated":true}]}}