{"id":1682,"date":"2025-02-06T10:50:51","date_gmt":"2025-02-06T09:50:51","guid":{"rendered":"https:\/\/paolavidasana.com\/prova-dellacqua\/"},"modified":"2025-04-02T09:14:58","modified_gmt":"2025-04-02T07:14:58","slug":"prova-dellacqua","status":"publish","type":"page","link":"https:\/\/paolavidasana.com\/it\/prova-dellacqua\/","title":{"rendered":"Prova dell&#8217;acqua"},"content":{"rendered":"\t\t<div data-elementor-type=\"wp-page\" data-elementor-id=\"1682\" class=\"elementor elementor-1682 elementor-1525\" data-elementor-post-type=\"page\">\n\t\t\t\t<div class=\"elementor-element elementor-element-5ac6bfd e-flex e-con-boxed e-con e-parent\" data-id=\"5ac6bfd\" data-element_type=\"container\" data-e-type=\"container\">\n\t\t\t\t\t<div class=\"e-con-inner\">\n\t\t<div class=\"elementor-element elementor-element-9a351af e-con-full e-flex e-con e-child\" data-id=\"9a351af\" data-element_type=\"container\" data-e-type=\"container\">\n\t\t\t\t<div class=\"elementor-element elementor-element-ebf3e25 animated-fast elementor-invisible elementor-widget elementor-widget-heading\" data-id=\"ebf3e25\" data-element_type=\"widget\" data-e-type=\"widget\" data-settings=\"{&quot;_animation&quot;:&quot;bounceInDown&quot;,&quot;_animation_mobile&quot;:&quot;none&quot;}\" data-widget_type=\"heading.default\">\n\t\t\t\t<div class=\"elementor-widget-container\">\n\t\t\t\t\t<h1 class=\"elementor-heading-title elementor-size-default\">Test: sono disidratato?<\/h1>\t\t\t\t<\/div>\n\t\t\t\t<\/div>\n\t\t\t\t<\/div>\n\t\t<div class=\"elementor-element elementor-element-21c9c8a e-con-full e-flex e-con e-child\" data-id=\"21c9c8a\" data-element_type=\"container\" data-e-type=\"container\">\n\t\t\t\t<div class=\"elementor-element elementor-element-27b8a1d elementor-invisible elementor-widget elementor-widget-shortcode\" data-id=\"27b8a1d\" data-element_type=\"widget\" data-e-type=\"widget\" data-settings=\"{&quot;_animation&quot;:&quot;fadeInUp&quot;,&quot;_animation_mobile&quot;:&quot;none&quot;}\" data-widget_type=\"shortcode.default\">\n\t\t\t\t<div class=\"elementor-widget-container\">\n\t\t\t\t\t\t\t<div class=\"elementor-shortcode\"><nav aria-label=\"breadcrumbs\" class=\"rank-math-breadcrumb\"><p><span class=\"last\">Home<\/span><\/p><\/nav><\/div>\n\t\t\t\t\t\t<\/div>\n\t\t\t\t<\/div>\n\t\t\t\t<\/div>\n\t\t\t\t\t<\/div>\n\t\t\t\t<\/div>\n\t\t<div class=\"elementor-element elementor-element-d79a32d e-flex e-con-boxed e-con e-parent\" data-id=\"d79a32d\" data-element_type=\"container\" data-e-type=\"container\">\n\t\t\t\t\t<div class=\"e-con-inner\">\n\t\t<div class=\"elementor-element elementor-element-2a6b668 e-con-full e-flex e-con e-child\" data-id=\"2a6b668\" data-element_type=\"container\" data-e-type=\"container\" data-settings=\"{&quot;background_background&quot;:&quot;classic&quot;}\">\n\t\t\t\t<div class=\"elementor-element elementor-element-7827b70 elementor-widget elementor-widget-heading\" data-id=\"7827b70\" data-element_type=\"widget\" data-e-type=\"widget\" data-settings=\"{&quot;_animation_mobile&quot;:&quot;none&quot;}\" data-widget_type=\"heading.default\">\n\t\t\t\t<div class=\"elementor-widget-container\">\n\t\t\t\t\t<h2 class=\"elementor-heading-title elementor-size-default\">Ciao! Sono Paola e ho ideato questo test completamente gratuito per aiutarti a comprendere il livello di idratazione del tuo corpo.<\/h2>\t\t\t\t<\/div>\n\t\t\t\t<\/div>\n\t\t\t\t<div class=\"elementor-element elementor-element-986d8d9 elementor-widget elementor-widget-heading\" data-id=\"986d8d9\" data-element_type=\"widget\" data-e-type=\"widget\" data-settings=\"{&quot;_animation_mobile&quot;:&quot;none&quot;}\" data-widget_type=\"heading.default\">\n\t\t\t\t<div class=\"elementor-widget-container\">\n\t\t\t\t\t<div class=\"elementor-heading-title elementor-size-default\">Per favore, rispondi onestamente. Non si tratta di un test, bens\u00ec di un'opportunit\u00e0 per valutare cosa sai sull'acqua e se hai sintomi di disidratazione lieve o grave.<\/div>\t\t\t\t<\/div>\n\t\t\t\t<\/div>\n\t\t\t\t<div class=\"elementor-element elementor-element-ab0df49 elementor-widget elementor-widget-heading\" data-id=\"ab0df49\" data-element_type=\"widget\" data-e-type=\"widget\" data-settings=\"{&quot;_animation_mobile&quot;:&quot;none&quot;}\" data-widget_type=\"heading.default\">\n\t\t\t\t<div class=\"elementor-widget-container\">\n\t\t\t\t\t<div class=\"elementor-heading-title elementor-size-default\">Per ottenere un risultato accurato, ricordati di rispondere a tutte le domande e di scegliere una sola opzione per domanda.<\/div>\t\t\t\t<\/div>\n\t\t\t\t<\/div>\n\t\t\t\t<div class=\"elementor-element elementor-element-5992611 elementor-widget elementor-widget-heading\" data-id=\"5992611\" data-element_type=\"widget\" data-e-type=\"widget\" data-settings=\"{&quot;_animation_mobile&quot;:&quot;none&quot;}\" data-widget_type=\"heading.default\">\n\t\t\t\t<div class=\"elementor-widget-container\">\n\t\t\t\t\t<div class=\"elementor-heading-title elementor-size-default\">Dopo aver completato il test, riceverai un video omaggio con informazioni utili per la tua salute e la tua idratazione.<\/div>\t\t\t\t<\/div>\n\t\t\t\t<\/div>\n\t\t\t\t<div class=\"elementor-element elementor-element-4f09248 elementor-widget elementor-widget-heading\" data-id=\"4f09248\" data-element_type=\"widget\" data-e-type=\"widget\" data-settings=\"{&quot;_animation_mobile&quot;:&quot;none&quot;}\" data-widget_type=\"heading.default\">\n\t\t\t\t<div class=\"elementor-widget-container\">\n\t\t\t\t\t<h3 class=\"elementor-heading-title elementor-size-default\">Mettiamoci al lavoro e godiamoci il test!<\/h3>\t\t\t\t<\/div>\n\t\t\t\t<\/div>\n\t\t\t\t<\/div>\n\t\t<div class=\"elementor-element elementor-element-7c0ffd2 e-con-full e-flex elementor-invisible e-con e-child\" data-id=\"7c0ffd2\" data-element_type=\"container\" data-e-type=\"container\" data-settings=\"{&quot;animation&quot;:&quot;fadeInUp&quot;,&quot;animation_mobile&quot;:&quot;none&quot;}\">\n\t\t\t\t<div class=\"elementor-element elementor-element-7229488 elementor-widget__width-initial elementor-widget elementor-widget-wp-widget-xyz_insert_php_widget\" data-id=\"7229488\" data-element_type=\"widget\" data-e-type=\"widget\" data-widget_type=\"wp-widget-xyz_insert_php_widget.default\">\n\t\t\t\t<div class=\"elementor-widget-container\">\n\t\t\t\t\t<div class=\"dosha\">\r\n    <form class=\"wp-form\" action=\"\" method=\"post\">\r\n        <!-- Pregunta 1 -->\r\n        <div class=\"form-group\">\r\n            <label class=\"negrita\">Quanti litri d'acqua dovresti consumare al giorno in generale?<\/label>\r\n            <div>\r\n                <input type=\"radio\" id=\"agua1a\" name=\"agua1\" value=\"agua1-a\" required>\r\n                <label for=\"agua1a\">1 litro<\/label>\r\n            <\/div>\r\n            <div>\r\n                <input type=\"radio\" id=\"agua1b\" name=\"agua1\" value=\"agua1-b\">\r\n                <label for=\"agua1b\">2 a 3 litri<\/label>\r\n            <\/div>\r\n            <div>\r\n                <input type=\"radio\" id=\"agua1c\" name=\"agua1\" value=\"agua1-c\">\r\n                <label for=\"agua1c\">Il mio peso diviso per 7 mi d\u00e0 i bicchieri d'acqua che devo bere<\/label>\r\n            <\/div>\r\n            <div>\r\n                <input type=\"radio\" id=\"agua1d\" name=\"agua1\" value=\"agua1-d\">\r\n                <label for=\"agua1d\">Non \u00e8 necessario consumare acqua, i liquidi del cibo sono sufficienti<\/label>\r\n            <\/div>\r\n        <\/div>\r\n        <!-- Pregunta 2 -->\r\n        <div class=\"form-group\">\r\n            <label class=\"negrita\">Hai sperimentato alcuni di questi sintomi?<\/label>\r\n            <div>\r\n                <input type=\"radio\" id=\"agua2a\" name=\"agua2\" value=\"agua2-a\" required>\r\n                <label for=\"agua2a\">Mal di testa<\/label>\r\n            <\/div>\r\n            <div>\r\n                <input type=\"radio\" id=\"agua2b\" name=\"agua2\" value=\"agua2-b\">\r\n                <label for=\"agua2b\">Fatica e mancanza di energia<\/label>\r\n            <\/div>\r\n            <div>\r\n                <input type=\"radio\" id=\"agua2c\" name=\"agua2\" value=\"agua2-c\">\r\n                <label for=\"agua2c\">Bocca e pelle secche<\/label>\r\n            <\/div>\r\n            <div>\r\n                <input type=\"radio\" id=\"agua2d\" name=\"agua2\" value=\"agua2-d\">\r\n                <label for=\"agua2d\">Tutto quanto sopra<\/label>\r\n            <\/div>\r\n        <\/div>\r\n        <!-- Pregunta 3 -->\r\n        <div class=\"form-group\">\r\n            <label class=\"negrita\">Quando ti senti stanco\/a o con poca energia, come risolvi di solito?<\/label>\r\n            <div>\r\n                <input type=\"radio\" id=\"agua3a\" name=\"agua3\" value=\"agua3-a\" required>\r\n                <label for=\"agua3a\">Bevo caff\u00e8 o bevande energetiche.<\/label>\r\n            <\/div>\r\n            <div>\r\n                <input type=\"radio\" id=\"agua3b\" name=\"agua3\" value=\"agua3-b\">\r\n                <label for=\"agua3b\">Mangio qualcosa di dolce o salato.<\/label>\r\n            <\/div>\r\n            <div>\r\n                <input type=\"radio\" id=\"agua3c\" name=\"agua3\" value=\"agua3-c\">\r\n                <label for=\"agua3c\">Mi riposo e bevo acqua.<\/label>\r\n            <\/div>\r\n            <div>\r\n                <input type=\"radio\" id=\"agua3d\" name=\"agua3\" value=\"agua3-d\">\r\n                <label for=\"agua3d\">Non faccio nulla, vado avanti.<\/label>\r\n            <\/div>\r\n        <\/div>\r\n        <!-- Pregunta 4 -->\r\n        <div class=\"form-group\">\r\n            <label class=\"negrita\">Hai notato qualche cambiamento nella tua pelle, digestione o energia quando non bevi abbastanza acqua?<\/label>\r\n            <div>\r\n                <input type=\"radio\" id=\"agua4a\" name=\"agua4\" value=\"agua4-a\" required>\r\n                <label for=\"agua4a\">No, non ho mai notato alcun cambiamento.<\/label>\r\n            <\/div>\r\n            <div>\r\n                <input type=\"radio\" id=\"agua4b\" name=\"agua4\" value=\"agua4-b\">\r\n                <label for=\"agua4b\">S\u00ec, a volte la mia pelle si secca o mi sento pi\u00f9 stanco\/a.<\/label>\r\n            <\/div>\r\n            <div>\r\n                <input type=\"radio\" id=\"agua4c\" name=\"agua4\" value=\"agua4-c\">\r\n                <label for=\"agua4c\">La mia digestione diventa pi\u00f9 lenta e mi sento pi\u00f9 irritabile.<\/label>\r\n            <\/div>\r\n            <div>\r\n                <input type=\"radio\" id=\"agua4d\" name=\"agua4\" value=\"agua4-d\">\r\n                <label for=\"agua4d\">Totalmente, noto che il mio corpo non risponde allo stesso modo senza abbastanza acqua.<\/label>\r\n            <\/div>\r\n        <\/div>\r\n        <!-- Pregunta 5 -->\r\n        <div class=\"form-group\">\r\n            <label class=\"negrita\">Se hai sete, quanto sei disidratato\/a?<\/label>\r\n            <div>\r\n                <input type=\"radio\" id=\"agua5a\" name=\"agua5\" value=\"agua5-a\" required>\r\n                <label for=\"agua5a\">Non sei disidratato, \u00e8 solo il corpo che parla<\/label>\r\n            <\/div>\r\n            <div>\r\n                <input type=\"radio\" id=\"agua5b\" name=\"agua5\" value=\"agua5-b\">\r\n                <label for=\"agua5b\">Sei leggermente disidratato<\/label>\r\n            <\/div>\r\n            <div>\r\n                <input type=\"radio\" id=\"agua5c\" name=\"agua5\" value=\"agua5-c\">\r\n                <label for=\"agua5c\">Sei gi\u00e0 molto disidratato<\/label>\r\n            <\/div>\r\n            <div>\r\n                <input type=\"radio\" id=\"agua5d\" name=\"agua5\" value=\"agua5-d\">\r\n                <label for=\"agua5d\">\u00c8 solo un segnale per iniziare a bere acqua<\/label>\r\n            <\/div>\r\n        <\/div>\r\n        <!-- Pregunta 6 -->\r\n        <div class=\"form-group\">\r\n            <label class=\"negrita\">Quale dei seguenti fattori pu\u00f2 aumentare il bisogno di acqua nel corpo?<\/label>\r\n            <div>\r\n                <input type=\"radio\" id=\"agua6a\" name=\"agua6\" value=\"agua6-a\" required>\r\n                <label for=\"agua6a\">Mangiare cibi salati<\/label>\r\n            <\/div>\r\n            <div>\r\n                <input type=\"radio\" id=\"agua6b\" name=\"agua6\" value=\"agua6-b\">\r\n                <label for=\"agua6b\">Climi caldi<\/label>\r\n            <\/div>\r\n            <div>\r\n                <input type=\"radio\" id=\"agua6c\" name=\"agua6\" value=\"agua6-c\">\r\n                <label for=\"agua6c\">Fare esercizio<\/label>\r\n            <\/div>\r\n            <div>\r\n                <input type=\"radio\" id=\"agua6d\" name=\"agua6\" value=\"agua6-d\">\r\n                <label for=\"agua6d\">Tutti i precedenti<\/label>\r\n            <\/div>\r\n        <\/div>\r\n        <!-- Pregunta 7 -->\r\n        <div class=\"form-group\">\r\n            <label class=\"negrita\">Come influisce la disidratazione sulle prestazioni mentali?<\/label>\r\n            <div>\r\n                <input type=\"radio\" id=\"agua7a\" name=\"agua7\" value=\"agua7-a\" required>\r\n                <label for=\"agua7a\">Migliora la concentrazione<\/label>\r\n            <\/div>\r\n            <div>\r\n                <input type=\"radio\" id=\"agua7b\" name=\"agua7\" value=\"agua7-b\">\r\n                <label for=\"agua7b\">Pu\u00f2 causare irritabilit\u00e0<\/label>\r\n            <\/div>\r\n            <div>\r\n                <input type=\"radio\" id=\"agua7c\" name=\"agua7\" value=\"agua7-c\">\r\n                <label for=\"agua7c\">Riduce la capacit\u00e0 di concentrazione e la memoria<\/label>\r\n            <\/div>\r\n            <div>\r\n                <input type=\"radio\" id=\"agua7d\" name=\"agua7\" value=\"agua7-d\">\r\n                <label for=\"agua7d\">Influisce solo sul corpo, non sulla mente<\/label>\r\n            <\/div>\r\n        <\/div>\r\n        <!-- Pregunta 8 -->\r\n        <div class=\"form-group\">\r\n            <label class=\"negrita\">Qual \u00e8 la migliore bevanda per idratarsi?<\/label>\r\n            <div>\r\n                <input type=\"radio\" id=\"agua8a\" name=\"agua8\" value=\"agua8-a\" required>\r\n                <label for=\"agua8a\">Succhi di frutta<\/label>\r\n            <\/div>\r\n            <div>\r\n                <input type=\"radio\" id=\"agua8b\" name=\"agua8\" value=\"agua8-b\">\r\n                <label for=\"agua8b\">T\u00e8 o infusi<\/label>\r\n            <\/div>\r\n            <div>\r\n                <input type=\"radio\" id=\"agua8c\" name=\"agua8\" value=\"agua8-c\">\r\n                <label for=\"agua8c\">Acqua<\/label>\r\n            <\/div>\r\n            <div>\r\n                <input type=\"radio\" id=\"agua8d\" name=\"agua8\" value=\"agua8-d\">\r\n                <label for=\"agua8d\">Bevande energetiche<\/label>\r\n            <\/div>\r\n        <\/div>\r\n        <!-- Pregunta 9 -->\r\n        <div class=\"form-group\">\r\n            <label class=\"negrita\">Mal di testa, dolori articolari, mancanza di energia, psoriasi, acne, stitichezza... quale potrebbe essere una possibile causa?<\/label>\r\n            <div>\r\n                <input type=\"radio\" id=\"agua9a\" name=\"agua9\" value=\"agua9-a\" required>\r\n                <label for=\"agua9a\">Stress<\/label>\r\n            <\/div>\r\n            <div>\r\n                <input type=\"radio\" id=\"agua9b\" name=\"agua9\" value=\"agua9-b\">\r\n                <label for=\"agua9b\">Mancanza di sonno<\/label>\r\n            <\/div>\r\n            <div>\r\n                <input type=\"radio\" id=\"agua9c\" name=\"agua9\" value=\"agua9-c\">\r\n                <label for=\"agua9c\">Disidratazione<\/label>\r\n            <\/div>\r\n            <div>\r\n                <input type=\"radio\" id=\"agua9d\" name=\"agua9\" value=\"agua9-d\">\r\n                <label for=\"agua9d\">Tutte le precedenti<\/label>\r\n            <\/div>\r\n        <\/div>\r\n        <!-- Pregunta 10 -->\r\n        <div class=\"form-group\">\r\n            <label class=\"negrita\">In una giornata calda, quanto \u00e8 importante bere acqua?<\/label>\r\n            <div>\r\n                <input type=\"radio\" id=\"agua10a\" name=\"agua10\" value=\"agua10-a\" required>\r\n                <label for=\"agua10a\">Non \u00e8 necessario se non hai sete<\/label>\r\n            <\/div>\r\n            <div>\r\n                <input type=\"radio\" id=\"agua10b\" name=\"agua10\" value=\"agua10-b\">\r\n                <label for=\"agua10b\">\u00c8 molto importante, poich\u00e9 sudiamo di pi\u00f9 e perdiamo acqua<\/label>\r\n            <\/div>\r\n            <div>\r\n                <input type=\"radio\" id=\"agua10c\" name=\"agua10\" value=\"agua10-c\">\r\n                <label for=\"agua10c\">Devi bere di pi\u00f9 solo se fai esercizio<\/label>\r\n            <\/div>\r\n            <div>\r\n                <input type=\"radio\" id=\"agua10d\" name=\"agua10\" value=\"agua10-d\">\r\n                <label for=\"agua10d\">Devi bere la stessa quantit\u00e0 di sempre, ma ben fredda<\/label>\r\n            <\/div>\r\n        <\/div>\r\n        <!-- Pregunta 11 -->\r\n        <div class=\"form-group\">\r\n            <label class=\"negrita\">Quanto \u00e8 utile l'acqua per la digestione?<\/label>\r\n            <div>\r\n                <input type=\"radio\" id=\"agua11a\" name=\"agua11\" value=\"agua11-a\" required>\r\n                <label for=\"agua11a\">Non ha alcun impatto sulla digestione<\/label>\r\n            <\/div>\r\n            <div>\r\n                <input type=\"radio\" id=\"agua11b\" name=\"agua11\" value=\"agua11-b\">\r\n                <label for=\"agua11b\">Molto utile, poich\u00e9 facilita il processo di decomposizione degli alimenti<\/label>\r\n            <\/div>\r\n            <div>\r\n                <input type=\"radio\" id=\"agua11c\" name=\"agua11\" value=\"agua11-c\">\r\n                <label for=\"agua11c\">\u00c8 utile solo se mangi cibi grassi<\/label>\r\n            <\/div>\r\n            <div>\r\n                <input type=\"radio\" id=\"agua11d\" name=\"agua11\" value=\"agua11-d\">\r\n                <label for=\"agua11d\">\u00c8 utile solo per le persone che fanno esercizio intenso<\/label>\r\n            <\/div>\r\n        <\/div>\r\n        <!-- Pregunta 12 -->\r\n        <div class=\"form-group\">\r\n            <label class=\"negrita\">Tra le seguenti opzioni, quale acqua scegli?<\/label>\r\n            <div>\r\n                <input type=\"radio\" id=\"agua12a\" name=\"agua12\" value=\"agua12-a\" required>\r\n                <label for=\"agua12a\">Acqua in bottiglia a bassa mineralizzazione<\/label>\r\n            <\/div>\r\n            <div>\r\n                <input type=\"radio\" id=\"agua12b\" name=\"agua12\" value=\"agua12-b\">\r\n                <label for=\"agua12b\">Acqua minerale e alcalina<\/label>\r\n            <\/div>\r\n            <div>\r\n                <input type=\"radio\" id=\"agua12c\" name=\"agua12\" value=\"agua12-c\">\r\n                <label for=\"agua12c\">Acqua potabile del rubinetto, filtrata<\/label>\r\n            <\/div>\r\n            <div>\r\n                <input type=\"radio\" id=\"agua12d\" name=\"agua12\" value=\"agua12-d\">\r\n                <label for=\"agua12d\">Acqua filtrata per osmosi<\/label>\r\n            <\/div>\r\n            <div style=\"margin:4em 0;\">\r\n                <!-- Pregunta Nombre -->\r\n                <div class=\"form-group\">\r\n                    <label class=\"negrita\" for=\"nombre\">Nome<\/label>\r\n                    <input type=\"text\" id=\"nombre\" name=\"nombre\" class=\"form-control\" required>\r\n                <\/div>\r\n                <!-- Pregunta Email -->\r\n                <div class=\"form-group\">\r\n                    <label class=\"negrita\" for=\"email\">Email<\/label>\r\n                    <input type=\"email\" id=\"email\" name=\"email\" class=\"form-control\" required>\r\n                <\/div>\r\n            <\/div>\r\n            <div class=\"form-group\">\r\n                <input type=\"checkbox\" id=\"privacy_policy\" name=\"privacy_policy\" required checked>\r\n                <label for=\"privacy_policy\"><a href=\"https:\/\/paolavidasana.com\/it\/politica-de-privacidad\/\">Ho letto e accetto l'informativa sulla privacy<\/a><\/label>\r\n            <\/div>\r\n        <\/div>\r\n        <input type=\"hidden\" id=\"token\" name=\"token\" value=\"\">\r\n        <input type=\"submit\" class=\"btn btn-primary\" value=\"Inviare\">\r\n    <\/form>\r\n<\/div>\r\n\r\n\r\n<!-- Script de Google reCAPTCHA v3 -->\r\n<script src=\"https:\/\/www.google.com\/recaptcha\/api.js?render=6LeNHWUsAAAAAMJ3HwaPUGsAgW4hjPQMgSH14VMQ\"><\/script>\r\n\r\n<script>\r\ngrecaptcha.ready(function() {\r\n  grecaptcha.execute('6LeNHWUsAAAAAMJ3HwaPUGsAgW4hjPQMgSH14VMQ', {action: 'formulario'}).then(function(token) {\r\n    \/\/ Add your logic to submit to your backend server here.\r\n    const itoken = document.getElementById('token');\r\n    itoken.value = token;\r\n  })\r\n});\r\n<\/script>\t\t\t\t<\/div>\n\t\t\t\t<\/div>\n\t\t\t\t<\/div>\n\t\t\t\t\t<\/div>\n\t\t\t\t<\/div>\n\t\t<div class=\"elementor-element elementor-element-2d48dfc e-flex e-con-boxed e-con e-parent\" data-id=\"2d48dfc\" data-element_type=\"container\" data-e-type=\"container\">\n\t\t\t\t\t<div class=\"e-con-inner\">\n\t\t\t\t<div class=\"elementor-element elementor-element-13bf3e7 elementor-widget elementor-widget-spacer\" data-id=\"13bf3e7\" data-element_type=\"widget\" data-e-type=\"widget\" data-widget_type=\"spacer.default\">\n\t\t\t\t<div class=\"elementor-widget-container\">\n\t\t\t\t\t\t\t<div class=\"elementor-spacer\">\n\t\t\t<div class=\"elementor-spacer-inner\"><\/div>\n\t\t<\/div>\n\t\t\t\t\t\t<\/div>\n\t\t\t\t<\/div>\n\t\t\t\t\t<\/div>\n\t\t\t\t<\/div>\n\t\t\t\t<\/div>\n\t\t","protected":false},"excerpt":{"rendered":"<p>Test: sono disidratato? Ciao! Sono Paola e ho ideato questo test completamente gratuito per aiutarti a comprendere il livello di idratazione del tuo corpo. Per favore, rispondi onestamente. Non si tratta di un test, bens\u00ec di un&#8217;opportunit\u00e0 per valutare cosa sai sull&#8217;acqua e se hai sintomi di disidratazione lieve o grave. Per ottenere un risultato [&hellip;]<\/p>\n","protected":false},"author":2,"featured_media":0,"parent":0,"menu_order":0,"comment_status":"closed","ping_status":"closed","template":"page-templates\/pagebuilder.php","meta":{"zakra_page_container_layout":"customizer","zakra_page_sidebar_layout":"customizer","zakra_remove_content_margin":false,"zakra_sidebar":"customizer","zakra_transparent_header":"customizer","zakra_logo":0,"zakra_main_header_style":"default","zakra_menu_item_color":"","zakra_menu_item_hover_color":"","zakra_menu_item_active_color":"","zakra_menu_active_style":"","zakra_page_header":true,"inline_featured_image":false,"footnotes":""},"class_list":["post-1682","page","type-page","status-publish","hentry"],"_links":{"self":[{"href":"https:\/\/paolavidasana.com\/it\/wp-json\/wp\/v2\/pages\/1682","targetHints":{"allow":["GET"]}}],"collection":[{"href":"https:\/\/paolavidasana.com\/it\/wp-json\/wp\/v2\/pages"}],"about":[{"href":"https:\/\/paolavidasana.com\/it\/wp-json\/wp\/v2\/types\/page"}],"author":[{"embeddable":true,"href":"https:\/\/paolavidasana.com\/it\/wp-json\/wp\/v2\/users\/2"}],"replies":[{"embeddable":true,"href":"https:\/\/paolavidasana.com\/it\/wp-json\/wp\/v2\/comments?post=1682"}],"version-history":[{"count":4,"href":"https:\/\/paolavidasana.com\/it\/wp-json\/wp\/v2\/pages\/1682\/revisions"}],"predecessor-version":[{"id":2696,"href":"https:\/\/paolavidasana.com\/it\/wp-json\/wp\/v2\/pages\/1682\/revisions\/2696"}],"wp:attachment":[{"href":"https:\/\/paolavidasana.com\/it\/wp-json\/wp\/v2\/media?parent=1682"}],"curies":[{"name":"wp","href":"https:\/\/api.w.org\/{rel}","templated":true}]}}