{"id":2668,"date":"2025-01-30T08:17:48","date_gmt":"2025-01-30T07:17:48","guid":{"rendered":"https:\/\/paolavidasana.com\/avviso-legale\/"},"modified":"2025-04-02T14:33:55","modified_gmt":"2025-04-02T12:33:55","slug":"avviso-legale","status":"publish","type":"page","link":"https:\/\/paolavidasana.com\/it\/avviso-legale\/","title":{"rendered":"Avviso legale"},"content":{"rendered":"\t\t<div data-elementor-type=\"wp-page\" data-elementor-id=\"2668\" class=\"elementor elementor-2668 elementor-425\" data-elementor-post-type=\"page\">\n\t\t\t\t<div class=\"elementor-element elementor-element-b84086f e-flex e-con-boxed e-con e-parent\" data-id=\"b84086f\" data-element_type=\"container\" data-e-type=\"container\">\n\t\t\t\t\t<div class=\"e-con-inner\">\n\t\t<div class=\"elementor-element elementor-element-d4d6941 e-con-full e-flex e-con e-child\" data-id=\"d4d6941\" data-element_type=\"container\" data-e-type=\"container\">\n\t\t\t\t<div class=\"elementor-element elementor-element-9716cff animated-fast elementor-invisible elementor-widget elementor-widget-heading\" data-id=\"9716cff\" data-element_type=\"widget\" data-e-type=\"widget\" data-settings=\"{&quot;_animation&quot;:&quot;bounceInDown&quot;,&quot;_animation_mobile&quot;:&quot;none&quot;}\" data-widget_type=\"heading.default\">\n\t\t\t\t<div class=\"elementor-widget-container\">\n\t\t\t\t\t<h1 class=\"elementor-heading-title elementor-size-default\">Avviso legale<\/h1>\t\t\t\t<\/div>\n\t\t\t\t<\/div>\n\t\t\t\t<\/div>\n\t\t<div class=\"elementor-element elementor-element-f1e7076 e-con-full e-flex e-con e-child\" data-id=\"f1e7076\" data-element_type=\"container\" data-e-type=\"container\">\n\t\t\t\t<div class=\"elementor-element elementor-element-1205b8e elementor-invisible elementor-widget elementor-widget-shortcode\" data-id=\"1205b8e\" data-element_type=\"widget\" data-e-type=\"widget\" data-settings=\"{&quot;_animation&quot;:&quot;fadeInUp&quot;,&quot;_animation_mobile&quot;:&quot;none&quot;}\" data-widget_type=\"shortcode.default\">\n\t\t\t\t<div class=\"elementor-widget-container\">\n\t\t\t\t\t\t\t<div class=\"elementor-shortcode\"><nav aria-label=\"breadcrumbs\" class=\"rank-math-breadcrumb\"><p><span class=\"last\">Home<\/span><\/p><\/nav><\/div>\n\t\t\t\t\t\t<\/div>\n\t\t\t\t<\/div>\n\t\t\t\t<\/div>\n\t\t\t\t\t<\/div>\n\t\t\t\t<\/div>\n\t\t<div class=\"elementor-element elementor-element-0631267 e-flex e-con-boxed e-con e-parent\" data-id=\"0631267\" data-element_type=\"container\" data-e-type=\"container\">\n\t\t\t\t\t<div class=\"e-con-inner\">\n\t\t\t\t<div class=\"elementor-element elementor-element-9302c60 elementor-widget elementor-widget-text-editor\" data-id=\"9302c60\" data-element_type=\"widget\" data-e-type=\"widget\" data-widget_type=\"text-editor.default\">\n\t\t\t\t<div class=\"elementor-widget-container\">\n\t\t\t\t\t\t\t\t\t<h4><b>1. Informazioni generali<\/b><\/h4>\n<p><span style=\"font-weight: 400;\">La presente nota legale regola l&#8217;accesso e l&#8217;uso del sito web <\/span><b>paolavid\u0101sana.com<\/b><span style=\"font-weight: 400;\">, il cui proprietario \u00e8 <\/span><b>Paola Idini, <\/b><span style=\"font-weight: 400;\">con indirizzo in <\/span><b>C\/Verdaguer i Call\u00eds 14, 08003 Barcellona,<\/b><span style=\"font-weight: 400;\"> e con l&#8217;e-mail di contatto <\/span><b>info.paolavidasana.com<\/b><span style=\"font-weight: 400;\">.<\/span><\/p>\n<p><span style=\"font-weight: 400;\">L&#8217;accesso e la navigazione attraverso questo sito Web implicano l&#8217;accettazione espressa e senza riserve del presente Avviso legale, nonch\u00e9 della nostra Informativa sulla privacy e Politica sui cookie, pertanto si consiglia agli utenti di leggerli attentamente.<\/span><\/p>\n<h4><b>2. Propriet\u00e0 intellettuale e industriale <\/b><\/h4>\n<p><span style=\"font-weight: 400;\">I contenuti di questo sito web, inclusi testi, immagini, loghi, grafica, video, suoni, software e qualsiasi altro materiale, sono di propriet\u00e0 di <\/span><b>paolavid\u0101sana.com<\/b><span style=\"font-weight: 400;\"> o di terzi che ne hanno autorizzato l&#8217;utilizzo. <\/span><b>L&#8217;accesso al sito Web non conferisce alcun diritto su tali contenuti,<\/b><span style=\"font-weight: 400;\"> pertanto la sua riproduzione, distribuzione o modifica \u00e8 vietata senza il consenso esplicito dei titolari dei diritti.<\/span><\/p>\n<h4><b>3. Responsabilit\u00e0<\/b><\/h4>\n<p><b>paolavid\u0101sana.com<\/b><span style=\"font-weight: 400;\"> si impegna a garantire la veridicit\u00e0, l&#8217;accuratezza e l&#8217;aggiornamento dei contenuti del sito. Tuttavia, non garantisce che le informazioni offerte siano sempre accurate, complete o aggiornate.<\/span><\/p>\n<p><span style=\"font-weight: 400;\">In nessun caso <\/span><b>paolavid\u0101sana.com<\/b><span style=\"font-weight: 400;\"> sar\u00e0 responsabile per danni derivanti dall&#8217;uso o dall&#8217;interpretazione errata delle informazioni contenute in questo sito Web, compresi i servizi sanitari offerti, come yoga, ayurveda e consigli sull&#8217;acqua.<\/span><\/p>\n<h4><b>4. Servizi sanitari<\/b><\/h4>\n<p><span style=\"font-weight: 400;\">Le informazioni fornite su questo sito Web non sostituiscono la diagnosi, il trattamento o la consulenza di un professionista medico qualificato. Se hai un problema di salute o hai bisogno di cure mediche, ti consigliamo di consultare un professionista sanitario prima di prendere decisioni basate sul contenuto di questa pagina. Tutti i contenuti sono pensati come strumenti di prevenzione e di integrazione della medicina moderna, lungi dall&#8217;essere considerati qualcosa di opposto ad essa. <\/span><\/p>\n<h4><b> 5. Collegamenti a terzi<\/b><\/h4>\n<p><span style=\"font-weight: 400;\">Questo sito Web pu\u00f2 contenere collegamenti ad altri siti Web gestiti da terzi. <\/span><b>paolavid\u0101sana.com <\/b><span style=\"font-weight: 400;\">non \u00e8 responsabile per i contenuti, le politiche sulla privacy o le pratiche di questi siti.<\/span><\/p>\n<h4><b> 6. Protezione dei dati personali <\/b><\/h4>\n<p><span style=\"font-weight: 400;\">Per ulteriori informazioni sul trattamento dei tuoi dati personali, consulta la nostra <a href=\"https:\/\/paolavidasana.com\/it\/politica-sulla-riservatezza\/\">Informativa sulla privacy<\/a>.<\/span><\/p>\n<h4><b>7. Modifiche <\/b><\/h4>\n<p><b>paolavid\u0101sana.com<\/b><span style=\"font-weight: 400;\"> si riserva il diritto di modificare il presente Avviso Legale in qualsiasi momento. Le modifiche saranno pubblicate in questa pagina e saranno applicabili dalla loro pubblicazione.<\/span><\/p>\n<h4><b> 8. Legge applicabile e giurisdizione<\/b><\/h4>\n<p><span style=\"font-weight: 400;\">La presente nota legale sar\u00e0 regolata e interpretata in conformit\u00e0 con la legge spagnola. Qualsiasi controversia derivante dall&#8217;accesso o dall&#8217;utilizzo del sito Web sar\u00e0 sottoposta ai tribunali competenti di <\/span><b>Barcellona, \u200b\u200b\u200b\u200bSpagna<\/b><span style=\"font-weight: 400;\">.<\/span><\/p>\n\t\t\t\t\t\t\t\t<\/div>\n\t\t\t\t<\/div>\n\t\t\t\t\t<\/div>\n\t\t\t\t<\/div>\n\t\t<div class=\"elementor-element elementor-element-864c2e1 e-flex e-con-boxed e-con e-parent\" data-id=\"864c2e1\" data-element_type=\"container\" data-e-type=\"container\">\n\t\t\t\t\t<div class=\"e-con-inner\">\n\t\t\t\t<div class=\"elementor-element elementor-element-4a1b4ab elementor-widget elementor-widget-spacer\" data-id=\"4a1b4ab\" data-element_type=\"widget\" data-e-type=\"widget\" data-widget_type=\"spacer.default\">\n\t\t\t\t<div class=\"elementor-widget-container\">\n\t\t\t\t\t\t\t<div class=\"elementor-spacer\">\n\t\t\t<div class=\"elementor-spacer-inner\"><\/div>\n\t\t<\/div>\n\t\t\t\t\t\t<\/div>\n\t\t\t\t<\/div>\n\t\t\t\t\t<\/div>\n\t\t\t\t<\/div>\n\t\t\t\t<\/div>\n\t\t","protected":false},"excerpt":{"rendered":"<p>1. Informazioni generali La presente nota legale regola l&#8217;accesso e l&#8217;uso del sito web paolavid\u0101sana.com, il cui proprietario \u00e8 Paola Idini, con indirizzo in C\/Verdaguer i Call\u00eds 14, 08003 Barcellona, e con l&#8217;e-mail di contatto info.paolavidasana.com. L&#8217;accesso e la navigazione attraverso questo sito Web implicano l&#8217;accettazione espressa e senza riserve del presente Avviso legale, nonch\u00e9 [&hellip;]<\/p>\n","protected":false},"author":2,"featured_media":0,"parent":0,"menu_order":0,"comment_status":"closed","ping_status":"closed","template":"page-templates\/pagebuilder.php","meta":{"zakra_page_container_layout":"customizer","zakra_page_sidebar_layout":"customizer","zakra_remove_content_margin":false,"zakra_sidebar":"customizer","zakra_transparent_header":"customizer","zakra_logo":0,"zakra_main_header_style":"default","zakra_menu_item_color":"","zakra_menu_item_hover_color":"","zakra_menu_item_active_color":"","zakra_menu_active_style":"","zakra_page_header":true,"inline_featured_image":false,"footnotes":""},"class_list":["post-2668","page","type-page","status-publish","hentry"],"_links":{"self":[{"href":"https:\/\/paolavidasana.com\/it\/wp-json\/wp\/v2\/pages\/2668","targetHints":{"allow":["GET"]}}],"collection":[{"href":"https:\/\/paolavidasana.com\/it\/wp-json\/wp\/v2\/pages"}],"about":[{"href":"https:\/\/paolavidasana.com\/it\/wp-json\/wp\/v2\/types\/page"}],"author":[{"embeddable":true,"href":"https:\/\/paolavidasana.com\/it\/wp-json\/wp\/v2\/users\/2"}],"replies":[{"embeddable":true,"href":"https:\/\/paolavidasana.com\/it\/wp-json\/wp\/v2\/comments?post=2668"}],"version-history":[{"count":4,"href":"https:\/\/paolavidasana.com\/it\/wp-json\/wp\/v2\/pages\/2668\/revisions"}],"predecessor-version":[{"id":2813,"href":"https:\/\/paolavidasana.com\/it\/wp-json\/wp\/v2\/pages\/2668\/revisions\/2813"}],"wp:attachment":[{"href":"https:\/\/paolavidasana.com\/it\/wp-json\/wp\/v2\/media?parent=2668"}],"curies":[{"name":"wp","href":"https:\/\/api.w.org\/{rel}","templated":true}]}}