{"id":2682,"date":"2025-01-30T08:21:31","date_gmt":"2025-01-30T07:21:31","guid":{"rendered":"https:\/\/paolavidasana.com\/terminos-y-condiciones\/"},"modified":"2025-04-02T16:46:20","modified_gmt":"2025-04-02T14:46:20","slug":"terminos-y-condiciones","status":"publish","type":"page","link":"https:\/\/paolavidasana.com\/it\/terminos-y-condiciones\/","title":{"rendered":"Termini e Condizioni"},"content":{"rendered":"\t\t<div data-elementor-type=\"wp-page\" data-elementor-id=\"2682\" class=\"elementor elementor-2682 elementor-430\" data-elementor-post-type=\"page\">\n\t\t\t\t<div class=\"elementor-element elementor-element-d18f2b1 e-flex e-con-boxed e-con e-parent\" data-id=\"d18f2b1\" data-element_type=\"container\" data-e-type=\"container\">\n\t\t\t\t\t<div class=\"e-con-inner\">\n\t\t<div class=\"elementor-element elementor-element-2accd4f e-con-full e-flex e-con e-child\" data-id=\"2accd4f\" data-element_type=\"container\" data-e-type=\"container\">\n\t\t\t\t<div class=\"elementor-element elementor-element-ffaca40 animated-fast elementor-invisible elementor-widget elementor-widget-heading\" data-id=\"ffaca40\" data-element_type=\"widget\" data-e-type=\"widget\" data-settings=\"{&quot;_animation&quot;:&quot;bounceInDown&quot;,&quot;_animation_mobile&quot;:&quot;none&quot;}\" data-widget_type=\"heading.default\">\n\t\t\t\t<div class=\"elementor-widget-container\">\n\t\t\t\t\t<h1 class=\"elementor-heading-title elementor-size-default\">Termini e Condizioni<\/h1>\t\t\t\t<\/div>\n\t\t\t\t<\/div>\n\t\t\t\t<\/div>\n\t\t<div class=\"elementor-element elementor-element-30b039c e-con-full e-flex e-con e-child\" data-id=\"30b039c\" data-element_type=\"container\" data-e-type=\"container\">\n\t\t\t\t<div class=\"elementor-element elementor-element-8a36288 elementor-invisible elementor-widget elementor-widget-shortcode\" data-id=\"8a36288\" data-element_type=\"widget\" data-e-type=\"widget\" data-settings=\"{&quot;_animation&quot;:&quot;fadeInUp&quot;,&quot;_animation_mobile&quot;:&quot;none&quot;}\" data-widget_type=\"shortcode.default\">\n\t\t\t\t<div class=\"elementor-widget-container\">\n\t\t\t\t\t\t\t<div class=\"elementor-shortcode\"><nav aria-label=\"breadcrumbs\" class=\"rank-math-breadcrumb\"><p><span class=\"last\">Home<\/span><\/p><\/nav><\/div>\n\t\t\t\t\t\t<\/div>\n\t\t\t\t<\/div>\n\t\t\t\t<\/div>\n\t\t\t\t\t<\/div>\n\t\t\t\t<\/div>\n\t\t<div class=\"elementor-element elementor-element-b10332f e-flex e-con-boxed e-con e-parent\" data-id=\"b10332f\" data-element_type=\"container\" data-e-type=\"container\">\n\t\t\t\t\t<div class=\"e-con-inner\">\n\t\t\t\t<div class=\"elementor-element elementor-element-8d12db5 elementor-widget elementor-widget-text-editor\" data-id=\"8d12db5\" data-element_type=\"widget\" data-e-type=\"widget\" data-widget_type=\"text-editor.default\">\n\t\t\t\t<div class=\"elementor-widget-container\">\n\t\t\t\t\t\t\t\t\t<h4><b>1. Informazioni generali sui termini e condizioni di utilizzo<\/b><\/h4><p><span style=\"font-weight: 400;\">Il presente documento regola l&#8217;utilizzo del sito web <\/span><b>paolavid\u0101sana.com<\/b><span style=\"font-weight: 400;\"> (di seguito, il &#8220;Sito&#8221;), di propriet\u00e0 di <\/span><b>Paola Idini<\/b><span style=\"font-weight: 400;\"> (di seguito, &#8220;Noi&#8221;), domiciliato a <\/span><b>C\/Verdaguer i Call\u00eds 14, 4-2, 08003, Barcellona,<\/b><span style=\"font-weight: 400;\"> e con un indirizzo email <\/span><b>info.paolavidasana@gmail.com<\/b><span style=\"font-weight: 400;\">.<\/span><br \/><span style=\"font-weight: 400;\">L&#8217;accesso e l&#8217;utilizzo del sito Web implicano l&#8217;accettazione dei presenti Termini e Condizioni. Se non sei d&#8217;accordo con questi termini, ti consigliamo di non utilizzare il sito web.<\/span><\/p><h4><b>2. Oggetto<\/b><\/h4><p><span style=\"font-weight: 400;\">Lo scopo di questo sito Web \u00e8 offrire contenuti relativi alla salute attraverso <\/span><b>yoga<\/b><span style=\"font-weight: 400;\">, <\/span><b>ayurveda<\/b><span style=\"font-weight: 400;\"> e <\/span><b>consulenza sull&#8217;acqua<\/b><span style=\"font-weight: 400;\">, nonch\u00e9 altre informazioni informative o educative servizi associati a questi argomenti.<\/span><\/p><h4><b> 3. Utilizzo del sito web <\/b><\/h4><p><span style=\"font-weight: 400;\">L&#8217;utente si impegna a utilizzare il sito Web in conformit\u00e0 con la legge, i presenti Termini e condizioni, la moralit\u00e0 e l&#8217;ordine pubblico. L&#8217;accesso e l&#8217;utilizzo del sito Web sono di esclusiva responsabilit\u00e0 dell&#8217;utente.<\/span><\/p><ul><li style=\"font-weight: 400;\" aria-level=\"1\"><span style=\"font-weight: 400;\">L&#8217;utente si impegna a non utilizzare il sito Web per svolgere attivit\u00e0 illegali o che potrebbero danneggiare, disattivare, sovraccaricare o deteriorare i servizi del sito Web.<\/span><\/li><li style=\"font-weight: 400;\" aria-level=\"1\"><span style=\"font-weight: 400;\">L&#8217;utente non deve utilizzare il Sito Web per inviare contenuti che violino i diritti di propriet\u00e0 intellettuale o industriale, i diritti alla privacy o qualsiasi altro diritto di terzi.<\/span><\/li><\/ul><h4><b> 4. Propriet\u00e0 intellettuale <\/b><\/h4><p><span style=\"font-weight: 400;\">I contenuti del Sito (testi, testi, immagini, loghi, grafica, video, software, ecc.) sono protetti dai diritti di propriet\u00e0 intellettuale e industriale e sono di propriet\u00e0 di <\/span><b>Paola Idini<\/b><span style=\"font-weight: 400;\"> o dei titolari di tali diritti. La sua riproduzione, distribuzione, modifica o qualsiasi altra forma di sfruttamento \u00e8 espressamente vietata senza la previa autorizzazione scritta del titolare dei diritti.<\/span><\/p><h4><b> 5. Servizi offerti <\/b><\/h4><p><span style=\"font-weight: 400;\">Sul sito Web possono essere offerti vari servizi relativi alla salute, allo yoga, all&#8217;ayurveda e ai consigli sull&#8217;acqua, che possono includere:<\/span><\/p><ul><li style=\"font-weight: 400;\" aria-level=\"1\"><b>Consulenze personalizzate<\/b><span style=\"font-weight: 400;\"> di yoga e ayurveda.<\/span><\/li><li style=\"font-weight: 400;\" aria-level=\"1\"><b>Consigli sull&#8217;acqua<\/b><span style=\"font-weight: 400;\"> e il suo impatto sulla salute.<\/span><\/li><li style=\"font-weight: 400;\" aria-level=\"1\"><b>Risorse educative<\/b><span style=\"font-weight: 400;\"> su yoga, ayurveda e benessere integrale.<\/span><\/li><\/ul><p><span style=\"font-weight: 400;\">I servizi disponibili potrebbero essere soggetti a termini aggiuntivi, che verranno specificati di volta in volta. Se effettui un pagamento o un abbonamento, sarai regolato dai termini e dalle condizioni specifici per tali servizi.<\/span><\/p><h4><b> 6. Condizioni di vendita (se applicabili)<\/b><\/h4><p><span style=\"font-weight: 400;\">Laddove il Sito Web includa la vendita di prodotti o servizi, si applicano le seguenti condizioni:<\/span><\/p><ul><li style=\"font-weight: 400;\" aria-level=\"1\"><span style=\"font-weight: 400;\">I prezzi dei prodotti o servizi sono indicati sul sito Web e sono soggetti a modifiche senza preavviso.<\/span><\/li><li style=\"font-weight: 400;\" aria-level=\"1\"><span style=\"font-weight: 400;\">Il processo di acquisto \u00e8 soggetto all&#8217;accettazione dei termini di pagamento, delle tasse applicabili e delle politiche di restituzione (se applicabili).<\/span><\/li><li style=\"font-weight: 400;\" aria-level=\"1\"><span style=\"font-weight: 400;\">Il pagamento verr\u00e0 effettuato tramite le modalit\u00e0 disponibili sul sito. L&#8217;utente sar\u00e0 responsabile della veridicit\u00e0 dei dati forniti durante il processo di acquisto.<\/span><\/li><\/ul><h4><b>7. Politica sulla privacy e sulla protezione dei dati<\/b><\/h4><p><b>paolavid\u0101sana.com<\/b><span style=\"font-weight: 400;\">si impegna a tutelare la privacy degli utenti e a rispettare la legislazione europea in materia di protezione dei dati personali, in particolare il <\/span><b>Regolamento generale sulla protezione dei dati (GDPR)<\/b><span style=\"font-weight: 400;\">. Puoi consultare la nostra <\/span><b>Informativa sulla privacy<\/b><span style=\"font-weight: 400;\"> [qui] per informazioni dettagliate su come gestiamo i tuoi dati personali.<\/span><\/p><h4><b> 8. Collegamenti a terzi<\/b><\/h4><p><span style=\"font-weight: 400;\">Il sito Web pu\u00f2 contenere collegamenti ad altri siti Web che non sono sotto il nostro controllo. Non siamo responsabili per i contenuti di tali siti Web o per le loro pratiche sulla privacy. Ti consigliamo di leggere le politiche sulla privacy di tali siti prima di fornire loro i tuoi dati personali.<\/span><\/p><h4><b>9. Dichiarazione di non responsabilit\u00e0<\/b><\/h4><p><b>paolavid\u0101sana.com<\/b><span style=\"font-weight: 400;\"> non garantisce la disponibilit\u00e0 e la continuit\u00e0 di funzionamento del sito Web, sebbene ci sforziamo di mantenerlo operativo continuamente. Non siamo responsabili per eventuali danni derivanti dall&#8217;interruzione o dal mancato accesso al sito web.<\/span><\/p><p><span style=\"font-weight: 400;\">Le informazioni offerte sul sito Web sono di natura generale e non dovrebbero sostituire la consultazione con gli operatori sanitari. Qualsiasi raccomandazione o servizio fornito da <\/span><b>paolavid\u0101sana.com<\/b><span style=\"font-weight: 400;\"> non deve essere considerato una diagnosi medica e non \u00e8 in nessun caso considerato contrario alla medicina moderna. In caso di dubbi relativi alla tua salute, dovresti consultare un professionista qualificato.<\/span><\/p><h4><b> 10. Modifiche <\/b><\/h4><p><span style=\"font-weight: 400;\">Ci riserviamo il diritto di modificare i presenti Termini e Condizioni in qualsiasi momento. Le modifiche saranno pubblicate in questa pagina e saranno applicabili dal momento della pubblicazione. Ti consigliamo di rivedere periodicamente i Termini e condizioni per essere a conoscenza di eventuali modifiche.<\/span><\/p><h4><b> 11. Legge applicabile e giurisdizione<\/b><\/h4><p><span style=\"font-weight: 400;\">I presenti Termini e condizioni saranno regolati e interpretati in conformit\u00e0 con la legge spagnola (o la legge del tuo paese se non ti trovi in \u200b\u200bSpagna). Qualsiasi controversia derivante dall&#8217;utilizzo del sito Web sar\u00e0 sottoposta ai tribunali competenti di <\/span><b>Barcellona, \u200b\u200b\u200b\u200bSpagna<\/b><span style=\"font-weight: 400;\">.<\/span><\/p><h4><b>12. Diritti dell&#8217;utente<\/b><\/h4><p><span style=\"font-weight: 400;\">Conformemente alla legislazione europea sulla protezione dei dati (GDPR), gli utenti hanno i diritti di accesso, rettifica, cancellazione, opposizione, limitazione del trattamento, portabilit\u00e0 e il diritto di revocare il proprio consenso in qualsiasi momento. Puoi esercitare questi diritti inviando un&#8217;e-mail a <\/span><b>info.paolavidasana@gmail.com<\/b><span style=\"font-weight: 400;\">.<\/span><\/p><h4><b>13. Contatto<\/b><\/h4><p><span style=\"font-weight: 400;\">Se hai domande sui presenti Termini e condizioni o sull&#8217;utilizzo dei nostri servizi, puoi contattarci all&#8217;indirizzo:<\/span><\/p><ul><li style=\"font-weight: 400;\" aria-level=\"1\"><span style=\"font-weight: 400;\">E-mail: <\/span><b>info.paolavidasana@gmail.com<\/b><\/li><\/ul><p><span style=\"font-weight: 400;\">Indirizzo: <\/span><b>C\/Verdaguer i Call\u00eds 14, 4-2, 08003, Barcellona, \u200b\u200b\u200b\u200bSpagna.<\/b><\/p>\t\t\t\t\t\t\t\t<\/div>\n\t\t\t\t<\/div>\n\t\t\t\t\t<\/div>\n\t\t\t\t<\/div>\n\t\t<div class=\"elementor-element elementor-element-40a1dc0 e-flex e-con-boxed e-con e-parent\" data-id=\"40a1dc0\" data-element_type=\"container\" data-e-type=\"container\">\n\t\t\t\t\t<div class=\"e-con-inner\">\n\t\t\t\t<div class=\"elementor-element elementor-element-8155261 elementor-widget elementor-widget-spacer\" data-id=\"8155261\" data-element_type=\"widget\" data-e-type=\"widget\" data-widget_type=\"spacer.default\">\n\t\t\t\t<div class=\"elementor-widget-container\">\n\t\t\t\t\t\t\t<div class=\"elementor-spacer\">\n\t\t\t<div class=\"elementor-spacer-inner\"><\/div>\n\t\t<\/div>\n\t\t\t\t\t\t<\/div>\n\t\t\t\t<\/div>\n\t\t\t\t\t<\/div>\n\t\t\t\t<\/div>\n\t\t\t\t<\/div>\n\t\t","protected":false},"excerpt":{"rendered":"<p>1. Informazioni generali sui termini e condizioni di utilizzo Il presente documento regola l&#8217;utilizzo del sito web paolavid\u0101sana.com (di seguito, il &#8220;Sito&#8221;), di propriet\u00e0 di Paola Idini (di seguito, &#8220;Noi&#8221;), domiciliato a C\/Verdaguer i Call\u00eds 14, 4-2, 08003, Barcellona, e con un indirizzo email info.paolavidasana@gmail.com.L&#8217;accesso e l&#8217;utilizzo del sito Web implicano l&#8217;accettazione dei presenti Termini [&hellip;]<\/p>\n","protected":false},"author":2,"featured_media":0,"parent":0,"menu_order":0,"comment_status":"closed","ping_status":"closed","template":"page-templates\/pagebuilder.php","meta":{"zakra_page_container_layout":"customizer","zakra_page_sidebar_layout":"customizer","zakra_remove_content_margin":false,"zakra_sidebar":"customizer","zakra_transparent_header":"customizer","zakra_logo":0,"zakra_main_header_style":"default","zakra_menu_item_color":"","zakra_menu_item_hover_color":"","zakra_menu_item_active_color":"","zakra_menu_active_style":"","zakra_page_header":true,"inline_featured_image":false,"footnotes":""},"class_list":["post-2682","page","type-page","status-publish","hentry"],"_links":{"self":[{"href":"https:\/\/paolavidasana.com\/it\/wp-json\/wp\/v2\/pages\/2682","targetHints":{"allow":["GET"]}}],"collection":[{"href":"https:\/\/paolavidasana.com\/it\/wp-json\/wp\/v2\/pages"}],"about":[{"href":"https:\/\/paolavidasana.com\/it\/wp-json\/wp\/v2\/types\/page"}],"author":[{"embeddable":true,"href":"https:\/\/paolavidasana.com\/it\/wp-json\/wp\/v2\/users\/2"}],"replies":[{"embeddable":true,"href":"https:\/\/paolavidasana.com\/it\/wp-json\/wp\/v2\/comments?post=2682"}],"version-history":[{"count":6,"href":"https:\/\/paolavidasana.com\/it\/wp-json\/wp\/v2\/pages\/2682\/revisions"}],"predecessor-version":[{"id":2832,"href":"https:\/\/paolavidasana.com\/it\/wp-json\/wp\/v2\/pages\/2682\/revisions\/2832"}],"wp:attachment":[{"href":"https:\/\/paolavidasana.com\/it\/wp-json\/wp\/v2\/media?parent=2682"}],"curies":[{"name":"wp","href":"https:\/\/api.w.org\/{rel}","templated":true}]}}